{"id":247,"date":"2018-10-04T11:45:03","date_gmt":"2018-10-04T11:45:03","guid":{"rendered":"https:\/\/elamanisisaltoa.fi\/wordpress\/?page_id=247"},"modified":"2018-11-01T19:17:41","modified_gmt":"2018-11-01T19:17:41","slug":"historiaa","status":"publish","type":"page","link":"http:\/\/kylaseurakuhaset.fi\/new\/historiaa\/","title":{"rendered":"Historiaa"},"content":{"rendered":"\t\t<div data-elementor-type=\"wp-post\" data-elementor-id=\"247\" class=\"elementor elementor-247 elementor-bc-flex-widget\">\n\t\t\t\t\t\t<section class=\"elementor-section elementor-top-section elementor-element elementor-element-fe8aa7b elementor-section-boxed elementor-section-height-default elementor-section-height-default\" data-id=\"fe8aa7b\" data-element_type=\"section\">\n\t\t\t\t\t\t<div class=\"elementor-container elementor-column-gap-default\">\n\t\t\t\t\t<div class=\"elementor-column elementor-col-100 elementor-top-column elementor-element elementor-element-fa6bd76\" data-id=\"fa6bd76\" data-element_type=\"column\">\n\t\t\t<div class=\"elementor-widget-wrap elementor-element-populated\">\n\t\t\t\t\t\t<div class=\"elementor-element elementor-element-571f90d elementor-widget elementor-widget-heading\" data-id=\"571f90d\" data-element_type=\"widget\" data-widget_type=\"heading.default\">\n\t\t\t\t<div class=\"elementor-widget-container\">\n\t\t\t\t\t<h3 class=\"elementor-heading-title elementor-size-default\">KYL\u00c4SEURA KUHASET RY:n HISTORIAA<\/h3>\t\t\t\t<\/div>\n\t\t\t\t<\/div>\n\t\t\t\t<div class=\"elementor-element elementor-element-d1375cb elementor-widget-divider--view-line elementor-widget elementor-widget-divider\" data-id=\"d1375cb\" data-element_type=\"widget\" data-widget_type=\"divider.default\">\n\t\t\t\t<div class=\"elementor-widget-container\">\n\t\t\t\t\t\t\t<div class=\"elementor-divider\">\n\t\t\t<span class=\"elementor-divider-separator\">\n\t\t\t\t\t\t<\/span>\n\t\t<\/div>\n\t\t\t\t\t\t<\/div>\n\t\t\t\t<\/div>\n\t\t\t\t<div class=\"elementor-element elementor-element-46676e1 elementor-widget elementor-widget-text-editor\" data-id=\"46676e1\" data-element_type=\"widget\" data-widget_type=\"text-editor.default\">\n\t\t\t\t<div class=\"elementor-widget-container\">\n\t\t\t\t\t\t\t\t\t<p>Kyl\u00e4lle perustettiin 1.6.1983 Kuhaniemen kyl\u00e4toimikunta, jonka toimialueeksi rajattiin niin sanottu Kuhaniemen koulupiirin alue. T\u00e4h\u00e4n alueeseen kuuluivat Harhalan, Kuhankosken ja Kuhanniemen kyl\u00e4t. Kyl\u00e4toimikunta toimi aina\u00a0 3.12.2000 asti, jolloin toimikunta p\u00e4\u00e4tettiin rekister\u00f6id\u00e4 yhdistykseksi. Nimikilpailun perusteella seuran nimeksi valittiin Kyl\u00e4seura Kuhaset ry. Kyl\u00e4seuran logoon on kuvattu Kuhankosken voimalaitoksen riippusilta.<\/p><p>Kuhankoski virtasi viime vuosisadan alkunelj\u00e4nnekseen asti vuolaasti ja vapaasti. Se yhdisti Viitasaaren, Saarij\u00e4rven ja Rautalammin vesireitit alapuoliseen vesist\u00f6\u00f6n pauhaavana koskena, jonka putouskorkeus on 3,5 metri\u00e4 ja keskivirtaama 150 m3\/s. Kosken partaalla elettiin tukkilaisel\u00e4m\u00e4\u00e4 koko uittokauden (1860-1960) ajan.<\/p><p>Koski kahlittiin vuosina 1920-25, kun G.A. Serlachius rakennutti koskeen arkkitehti W.G Palmqvistin suunnitteleman voimalaitoksen. Laitos tuotti s\u00e4hk\u00f6n Laukaan kirkonkyl\u00e4lle sek\u00e4 Kankaan ja M\u00e4nt\u00e4n paperitehtaille. Samassa yhteydess\u00e4 koski sai ensimm\u00e4isen siltansa. Kerrotaan, ett\u00e4 ensimm\u00e4inen aivan veden pinnan tuntumassa ollut silta koki kohtalonsa uiton yhteydess\u00e4, kun tukeille avattu pato j\u00e4i auki hieman liian pitk\u00e4ksi aikaa ja voimistunut imu nyk\u00e4isi rakenteet alas.<\/p><p>Nykyinen Kuhankosken riippusilta valmistui 1966. Silta yhdisti Kuhaniemen ja Harhalan kyl\u00e4t entist\u00e4 tiiviimmin yhteen, mutta toi ennen kaikkea kyl\u00e4n kirkonkyl\u00e4n palveluiden ja Kantolantien liikenneyhteyksien \u00e4\u00e4relle. Sillasta muodostui kyl\u00e4l\u00e4isille ja kyl\u00e4n kautta kulkeville merkityksellinen kulkureitti.<\/p><p>Riippusilta k\u00e4vi silloiselle omistajalleen, Keski-Suomen Valolle, tarpeettomaksi, kun Kuhanniemen lossi korvattiin Liisanniemen sillalla vuonna 1999.\u00a0 Kyl\u00e4seura Kuhaset l\u00e4hti kyl\u00e4l\u00e4isten voimin taistoon sillan s\u00e4ilytt\u00e4misen puolesta, silla sillan merkitys oli ajan saatossa vain korostunut. Se oli t\u00e4rke\u00e4 osa niin sanottua kolmen sillan reitti\u00e4, johon kuuluvat Kanavasilta, riippusilta ja Liisanniemen silta. Jokainen kivi ja kanto k\u00e4\u00e4nnettiin, mutta kukaan ei halunnut siltaa vastuulleen.<\/p><p>Joulun alla 2008 kyl\u00e4 sai tiedon voimalaitoksen sek\u00e4 sillan omistajalta, ett\u00e4 heikkoon kuntoon p\u00e4\u00e4ssyt silta on suljettu ja se puretaan kes\u00e4ll\u00e4 2009, ellei uutta omistajaa ja kunnostajaa l\u00f6ydy. Pitk\u00e4n selvitysty\u00f6n j\u00e4lkeen Kyl\u00e4seura Kuhaset osti sillan 1\u20ac kauppasummalla sek\u00e4 anoi ja sai sillan kunnostukseen Leader-rahoituksen Jyv\u00e4sRiihi ry:lt\u00e4. Sillan rakentajaksi saatiin kilpailutuksen j\u00e4lkeen Module Keitti\u00f6- ja rakennuspalvelu.<\/p><p>Ammattilaisen avulla ja kyl\u00e4l\u00e4isten armottomalla talkooty\u00f6ll\u00e4 riippusilta sai uuden el\u00e4m\u00e4n, ja Kuhankoski s\u00e4ilytti arvoisensa riippusillan.<\/p><p>Uusittua siltaa ja koko kyl\u00e4n voimainponnistusta juhlittiin sillan avajaisjuhlassa 12.6.2011, kun Mauri Pekkarinen avasi sillan. Kyl\u00e4n tarinat ja tapahtumat her\u00e4siv\u00e4t eloon Martti Muurikaisen puheen sek\u00e4 kyl\u00e4l\u00e4isten esitysten kautta. Luonto\u00e4iti antoi oman mausteensa kaatosateen muodossa.<\/p><p>Kuhankoski on aina n\u00e4ytt\u00e4nyt voimansa ja nyt tuota voimaa voi k\u00e4yd\u00e4 ihailemassa perinteit\u00e4 kunnioittavalta uusitulta riippusillalta k\u00e4sin. Tervetuloa Kuhankoskelle!<\/p><p><em><strong>TIESITK\u00d6 ETT\u00c4?<\/strong> Kuhankosken punatiilisen voimalaitoksen sek\u00e4 kaksi mansardikattoista ty\u00f6v\u00e4en asuinrakennusta vuosina suunnitellut W.G Palmqvist (16.1.1882-14.6.1964) oli tunnettu ja palkittu suomalainen arkkitehti, joka kuului 20-luvun klassismin edustajiin. <\/em><\/p><p><em>Palmqvistin suunnittelemia rakennuksia ovat mm. M\u00e4nt\u00e4n, Kankaan ja Kaukaan paperitehtaat sek\u00e4 Helsinkiin Pohjalaisten osakuntien Ostrobotnia-talo, Lackmanin liiketalo, Hufvudstadsbladetin talo sek\u00e4 Tilgmannin kirjapaino. Lis\u00e4ksi miehen suunnitelmista ovat syntyneet Kaapelitehdas sek\u00e4 J\u00e4ms\u00e4nkosken, Padasjoen, M\u00e4nt\u00e4n, Myllykosken sek\u00e4 Kalajoen kirkot.<\/em><\/p>\t\t\t\t\t\t\t\t<\/div>\n\t\t\t\t<\/div>\n\t\t\t\t\t<\/div>\n\t\t<\/div>\n\t\t\t\t\t<\/div>\n\t\t<\/section>\n\t\t\t\t<\/div>\n\t\t","protected":false},"excerpt":{"rendered":"<p>KYL\u00c4SEURA KUHASET RY:n HISTORIAA Kyl\u00e4lle perustettiin 1.6.1983 Kuhaniemen kyl\u00e4toimikunta, jonka toimialueeksi rajattiin niin sanottu Kuhaniemen koulupiirin alue. T\u00e4h\u00e4n alueeseen kuuluivat Harhalan, Kuhankosken ja Kuhanniemen kyl\u00e4t. Kyl\u00e4toimikunta toimi aina\u00a0 3.12.2000 asti, jolloin toimikunta p\u00e4\u00e4tettiin rekister\u00f6id\u00e4 yhdistykseksi. Nimikilpailun perusteella seuran nimeksi valittiin Kyl\u00e4seura Kuhaset ry. Kyl\u00e4seuran logoon [&hellip;]<\/p>\n","protected":false},"author":1,"featured_media":0,"parent":0,"menu_order":0,"comment_status":"closed","ping_status":"closed","template":"page-templates\/page_fullwidth.php","meta":{"footnotes":""},"class_list":["post-247","page","type-page","status-publish","hentry"],"_links":{"self":[{"href":"http:\/\/kylaseurakuhaset.fi\/new\/wp-json\/wp\/v2\/pages\/247","targetHints":{"allow":["GET"]}}],"collection":[{"href":"http:\/\/kylaseurakuhaset.fi\/new\/wp-json\/wp\/v2\/pages"}],"about":[{"href":"http:\/\/kylaseurakuhaset.fi\/new\/wp-json\/wp\/v2\/types\/page"}],"author":[{"embeddable":true,"href":"http:\/\/kylaseurakuhaset.fi\/new\/wp-json\/wp\/v2\/users\/1"}],"replies":[{"embeddable":true,"href":"http:\/\/kylaseurakuhaset.fi\/new\/wp-json\/wp\/v2\/comments?post=247"}],"version-history":[{"count":6,"href":"http:\/\/kylaseurakuhaset.fi\/new\/wp-json\/wp\/v2\/pages\/247\/revisions"}],"predecessor-version":[{"id":334,"href":"http:\/\/kylaseurakuhaset.fi\/new\/wp-json\/wp\/v2\/pages\/247\/revisions\/334"}],"wp:attachment":[{"href":"http:\/\/kylaseurakuhaset.fi\/new\/wp-json\/wp\/v2\/media?parent=247"}],"curies":[{"name":"wp","href":"https:\/\/api.w.org\/{rel}","templated":true}]}}